{"id":3787,"date":"2024-06-04T04:24:38","date_gmt":"2024-06-04T04:24:38","guid":{"rendered":"https:\/\/chatdatelove.net\/?page_id=3787"},"modified":"2024-07-30T04:02:29","modified_gmt":"2024-07-30T04:02:29","slug":"blog-right-sidebar","status":"publish","type":"page","link":"https:\/\/chatdatelove.net\/fr\/blog-right-sidebar\/","title":{"rendered":"Blog Right Sidebar"},"content":{"rendered":"\t\t<div data-elementor-type=\"wp-page\" data-elementor-id=\"3787\" class=\"elementor elementor-3787\">\n\t\t\t\t<div class=\"elementor-element elementor-element-0b1649d e-flex e-con-boxed e-con e-parent\" data-id=\"0b1649d\" data-element_type=\"container\" data-e-type=\"container\">\n\t\t\t\t\t<div class=\"e-con-inner\">\n\t\t<div class=\"elementor-element elementor-element-9092168 e-con-full e-flex e-con e-child\" data-id=\"9092168\" data-element_type=\"container\" data-e-type=\"container\">\n\t\t\t\t<div class=\"elementor-element elementor-element-d56594b elementor-pagination-position-custom elementor-pagination-type-bullets elementor-widget elementor-widget-jws_blog\" data-id=\"d56594b\" data-element_type=\"widget\" data-e-type=\"widget\" data-settings=\"{&quot;nav_align&quot;:&quot;center&quot;,&quot;pagination&quot;:&quot;bullets&quot;}\" data-widget_type=\"jws_blog.default\">\n\t\t\t\t<div class=\"elementor-widget-container\">\n\t\t\t\t\t \r\n\t\t\r\n\t\t<div class=\"jws-blog-element jws-carousel\">\r\n                    <div class=\"blog_content  jws_blog_layout1 blog_ajax_d56594b row grid\">\r\n                              \r\n                <div class=\"jws_blog_item col-xl-6 col-lg-6 col-12 no_format\">   <div class=\"jws_post_wap \">\r\n        <div class=\"jws_post_image no_format\">\r\n           <a href=\"https:\/\/chatdatelove.net\/fr\/welcome-to-chatdatelove-where-your-search-for-love-dates-and-meaningful-chats-begins\/\"><img fetchpriority=\"high\" decoding=\"async\" class=\"attachment-large wp-post-image \" src=\"https:\/\/chatdatelove.net\/wp-content\/uploads\/2025\/01\/Couple-Pt-800x395.avif\" width=\"800\" height=\"395\" alt=\"Couple-Pt\" title=\"Couple-Pt\" \/><\/a>\r\n        <\/div>\r\n        <div class=\"jws_post_content\">\r\n          <div class=\"jws_post_meta\"> \r\n                              <span class=\"post_cat\">\r\n                 <a href=\"https:\/\/chatdatelove.net\/fr\/category\/the-site\/\"><span class=\"cat_title\">The site<\/span><\/a>                 <\/span>\r\n                                                <\/div>\r\n               <h5 class=\"entry-title\"><a href=\"https:\/\/chatdatelove.net\/fr\/welcome-to-chatdatelove-where-your-search-for-love-dates-and-meaningful-chats-begins\/\">Bienvenue sur ChatDateLove : O\u00f9 commence votre recherche d\u2019amour, de rencontres et de conversations significatives<\/a><\/h5> \r\n                              <div class=\"jws_post_excerpt\">\r\n                        Bonjour\u202f! Bienvenue sur ChatDateLove, votre nouvelle plateforme de rencontres en ligne pr\u00e9f\u00e9r\u00e9e, o\u00f9 se connecter avec d\u2019autres personnes n\u2019a jamais \u00e9t\u00e9 aussi simple et excitant. Que vous soyez ici pour trouver l\u2019amour, d\u00e9marrer une relation, ou simplement discuter et rencontrer de nouvelles personnes, nous sommes ravis de vous accueillir. &nbsp; Pourquoi choisir ChatDateLove ? Nous [&hellip;]               <\/div>\r\n                              \r\n                \r\n                              <a href=\"https:\/\/chatdatelove.net\/fr\/welcome-to-chatdatelove-where-your-search-for-love-dates-and-meaningful-chats-begins\/\" class=\"jws_post_readmore\">\r\n                    <span>Read more<\/span>\r\n                    <span class=\"jws_icon\">\r\n                         \t\t\t\t\t  \r\n    \t\t\t\t\t \r\n                 <\/span>\r\n               <\/a>\r\n                       <\/div>\r\n    <\/div>   \r\n<\/div>                                                    \r\n                \r\n            <\/div>\r\n            \r\n                                 <\/div>\r\n\r\n\t\t\t\t\t<\/div>\n\t\t\t\t<\/div>\n\t\t\t\t<\/div>\n\t\t<div class=\"elementor-element elementor-element-dd56aa8 e-con-full elementor-hidden-tablet elementor-hidden-mobile e-flex e-con e-child\" data-id=\"dd56aa8\" data-element_type=\"container\" data-e-type=\"container\">\n\t\t\t\t<div class=\"elementor-element elementor-element-aa621e4 elementor-widget elementor-widget-jws_search\" data-id=\"aa621e4\" data-element_type=\"widget\" data-e-type=\"widget\" data-settings=\"{&quot;align&quot;:&quot;left&quot;}\" data-widget_type=\"jws_search.default\">\n\t\t\t\t<div class=\"elementor-widget-container\">\n\t\t\t\t\t            <div class=\"jws_search icon_left\">\r\n                \r\n<div class=\"jws-search-form\">\r\n    \t<form role=\"search\" method=\"get\" class=\"searchform jws-ajax-search\" action=\"https:\/\/chatdatelove.net\/fr\/\" data-count=\"20\" data-post_type=\"post\" data-thumbnail=\"1\" data-price=\"1\">\r\n            <input type=\"text\" class=\"s\" placeholder=\"Search blog...\" value=\"\" name=\"s\" autocomplete=\"off\" \/>\r\n\t\t\t<input type=\"hidden\" name=\"post_type\" value=\"post\">\r\n            <span class=\"form-loader\"><\/span>\r\n\t\t\t<button type=\"submit\" class=\"searchsubmit\">\r\n\t\t       <i aria-hidden=\"true\" class=\"jws-icon-magnifyingglass\"><\/i>\t\t\t<\/button>\r\n\t\t<\/form>\r\n<\/div>            <\/div>\r\n        \t\t\t\t<\/div>\n\t\t\t\t<\/div>\n\t\t\t\t<div class=\"elementor-element elementor-element-bce3c16 elementor-widget elementor-widget-jws_category\" data-id=\"bce3c16\" data-element_type=\"widget\" data-e-type=\"widget\" data-widget_type=\"jws_category.default\">\n\t\t\t\t<div class=\"elementor-widget-container\">\n\t\t\t\t\t            <div class=\"jws_categories skin_default\">\n            <h4 class=\"cate_title\">Categories<\/h4>\n                                        <ul class=\"jws_list_categories\">\n                    \t<li class=\"cat-item cat-item-50\"><a href=\"https:\/\/chatdatelove.net\/fr\/category\/the-site\/\"><span>The site<\/span><\/a>\n<\/li>\n                            <\/ul>\n                                <\/div>\n            \t\t\t\t<\/div>\n\t\t\t\t<\/div>\n\t\t\t\t<div class=\"elementor-element elementor-element-d9e1b1b elementor-widget elementor-widget-heading\" data-id=\"d9e1b1b\" data-element_type=\"widget\" data-e-type=\"widget\" data-widget_type=\"heading.default\">\n\t\t\t\t<div class=\"elementor-widget-container\">\n\t\t\t\t\t<h4 class=\"elementor-heading-title elementor-size-default\">Recent Posts<\/h4>\t\t\t\t<\/div>\n\t\t\t\t<\/div>\n\t\t\t\t<div class=\"elementor-element elementor-element-568fa86 elementor-pagination-type-bullets elementor-pagination-position-inside elementor-widget elementor-widget-jws_blog\" data-id=\"568fa86\" data-element_type=\"widget\" data-e-type=\"widget\" data-settings=\"{&quot;nav_align&quot;:&quot;center&quot;,&quot;pagination&quot;:&quot;bullets&quot;}\" data-widget_type=\"jws_blog.default\">\n\t\t\t\t<div class=\"elementor-widget-container\">\n\t\t\t\t\t \r\n\t\t\r\n\t\t<div class=\"jws-blog-element jws-carousel\">\r\n                    <div class=\"blog_content  jws_blog_layout3 blog_ajax_568fa86 row grid\">\r\n                              \r\n                <div class=\"jws_blog_item col-xl-12 col-lg-12 col-12 no_format\">   <div class=\"jws_post_wap \">\r\n           <div class=\"jws_post_image no_format\">\r\n           <a href=\"https:\/\/chatdatelove.net\/fr\/welcome-to-chatdatelove-where-your-search-for-love-dates-and-meaningful-chats-begins\/\"><img decoding=\"async\" class=\"attachment-large wp-post-image \" src=\"https:\/\/chatdatelove.net\/wp-content\/uploads\/2025\/01\/Couple-Pt-80x100.avif\" width=\"80\" height=\"100\" alt=\"Couple-Pt\" title=\"Couple-Pt\" \/><\/a>        <\/div>\r\n                <div class=\"jws_post_content\">\r\n            <div class=\"jws_post_meta\"> \r\n                                            <\/div>\r\n               <h6 class=\"entry-title\"><a href=\"https:\/\/chatdatelove.net\/fr\/welcome-to-chatdatelove-where-your-search-for-love-dates-and-meaningful-chats-begins\/\">Bienvenue sur ChatDateLove : O\u00f9 commence votre recherche d\u2019amour, de rencontres et de conversations significatives<\/a><\/h6> \r\n                              \r\n                                       <div class=\"entry-date\"><a href=\"https:\/\/chatdatelove.net\/fr\/2025\/01\/18\/\">janvier 18, 2025<\/a><\/div>\r\n                     \r\n                       <\/div>\r\n    <\/div>   \r\n<\/div>                                                    \r\n                \r\n            <\/div>\r\n            \r\n                                 <\/div>\r\n\r\n\t\t\t\t\t<\/div>\n\t\t\t\t<\/div>\n\t\t\t\t<div class=\"elementor-element elementor-element-c8fd34f elementor-widget elementor-widget-heading\" data-id=\"c8fd34f\" data-element_type=\"widget\" data-e-type=\"widget\" data-widget_type=\"heading.default\">\n\t\t\t\t<div class=\"elementor-widget-container\">\n\t\t\t\t\t<h4 class=\"elementor-heading-title elementor-size-default\">Tags<\/h4>\t\t\t\t<\/div>\n\t\t\t\t<\/div>\n\t\t\t\t<div class=\"elementor-element elementor-element-eb43a2c elementor-widget elementor-widget-jws_tag\" data-id=\"eb43a2c\" data-element_type=\"widget\" data-e-type=\"widget\" data-widget_type=\"jws_tag.default\">\n\t\t\t\t<div class=\"elementor-widget-container\">\n\t\t\t\t\t        <div class=\"tagcloud-list\">\n                    <\/div>\n\t\t\t\t\t<\/div>\n\t\t\t\t<\/div>\n\t\t\t\t<div class=\"elementor-element elementor-element-2f5fe98 elementor-widget elementor-widget-heading\" data-id=\"2f5fe98\" data-element_type=\"widget\" data-e-type=\"widget\" data-widget_type=\"heading.default\">\n\t\t\t\t<div class=\"elementor-widget-container\">\n\t\t\t\t\t<h4 class=\"elementor-heading-title elementor-size-default\">Social<\/h4>\t\t\t\t<\/div>\n\t\t\t\t<\/div>\n\t\t\t\t<div class=\"elementor-element elementor-element-73b4fc1 e-grid-align-left elementor-shape-rounded elementor-grid-0 elementor-widget elementor-widget-social-icons\" data-id=\"73b4fc1\" data-element_type=\"widget\" data-e-type=\"widget\" data-widget_type=\"social-icons.default\">\n\t\t\t\t<div class=\"elementor-widget-container\">\n\t\t\t\t\t\t\t<div class=\"elementor-social-icons-wrapper elementor-grid\" role=\"list\">\n\t\t\t\t\t\t\t<span class=\"elementor-grid-item\" role=\"listitem\">\n\t\t\t\t\t<a class=\"elementor-icon elementor-social-icon elementor-social-icon-facebook elementor-repeater-item-fd5fc96\" href=\"#\" target=\"_blank\">\n\t\t\t\t\t\t<span class=\"elementor-screen-only\">Facebook<\/span>\n\t\t\t\t\t\t<svg aria-hidden=\"true\" class=\"e-font-icon-svg e-fab-facebook\" viewBox=\"0 0 512 512\" xmlns=\"http:\/\/www.w3.org\/2000\/svg\"><path d=\"M504 256C504 119 393 8 256 8S8 119 8 256c0 123.78 90.69 226.38 209.25 245V327.69h-63V256h63v-54.64c0-62.15 37-96.48 93.67-96.48 27.14 0 55.52 4.84 55.52 4.84v61h-31.28c-30.8 0-40.41 19.12-40.41 38.73V256h68.78l-11 71.69h-57.78V501C413.31 482.38 504 379.78 504 256z\"><\/path><\/svg>\t\t\t\t\t<\/a>\n\t\t\t\t<\/span>\n\t\t\t\t\t\t\t<span class=\"elementor-grid-item\" role=\"listitem\">\n\t\t\t\t\t<a class=\"elementor-icon elementor-social-icon elementor-social-icon- jws-icon-x-twitter elementor-repeater-item-c30a8a9\" href=\"#\" target=\"_blank\">\n\t\t\t\t\t\t<span class=\"elementor-screen-only\"> Jws-icon-x-twitter<\/span>\n\t\t\t\t\t\t<i aria-hidden=\"true\" class=\"  jws-icon-x-twitter\"><\/i>\t\t\t\t\t<\/a>\n\t\t\t\t<\/span>\n\t\t\t\t\t\t\t<span class=\"elementor-grid-item\" role=\"listitem\">\n\t\t\t\t\t<a class=\"elementor-icon elementor-social-icon elementor-social-icon-instagram elementor-repeater-item-006f747\" href=\"#\" target=\"_blank\">\n\t\t\t\t\t\t<span class=\"elementor-screen-only\">Instagram<\/span>\n\t\t\t\t\t\t<svg aria-hidden=\"true\" class=\"e-font-icon-svg e-fab-instagram\" viewBox=\"0 0 448 512\" xmlns=\"http:\/\/www.w3.org\/2000\/svg\"><path d=\"M224.1 141c-63.6 0-114.9 51.3-114.9 114.9s51.3 114.9 114.9 114.9S339 319.5 339 255.9 287.7 141 224.1 141zm0 189.6c-41.1 0-74.7-33.5-74.7-74.7s33.5-74.7 74.7-74.7 74.7 33.5 74.7 74.7-33.6 74.7-74.7 74.7zm146.4-194.3c0 14.9-12 26.8-26.8 26.8-14.9 0-26.8-12-26.8-26.8s12-26.8 26.8-26.8 26.8 12 26.8 26.8zm76.1 27.2c-1.7-35.9-9.9-67.7-36.2-93.9-26.2-26.2-58-34.4-93.9-36.2-37-2.1-147.9-2.1-184.9 0-35.8 1.7-67.6 9.9-93.9 36.1s-34.4 58-36.2 93.9c-2.1 37-2.1 147.9 0 184.9 1.7 35.9 9.9 67.7 36.2 93.9s58 34.4 93.9 36.2c37 2.1 147.9 2.1 184.9 0 35.9-1.7 67.7-9.9 93.9-36.2 26.2-26.2 34.4-58 36.2-93.9 2.1-37 2.1-147.8 0-184.8zM398.8 388c-7.8 19.6-22.9 34.7-42.6 42.6-29.5 11.7-99.5 9-132.1 9s-102.7 2.6-132.1-9c-19.6-7.8-34.7-22.9-42.6-42.6-11.7-29.5-9-99.5-9-132.1s-2.6-102.7 9-132.1c7.8-19.6 22.9-34.7 42.6-42.6 29.5-11.7 99.5-9 132.1-9s102.7-2.6 132.1 9c19.6 7.8 34.7 22.9 42.6 42.6 11.7 29.5 9 99.5 9 132.1s2.7 102.7-9 132.1z\"><\/path><\/svg>\t\t\t\t\t<\/a>\n\t\t\t\t<\/span>\n\t\t\t\t\t\t\t<span class=\"elementor-grid-item\" role=\"listitem\">\n\t\t\t\t\t<a class=\"elementor-icon elementor-social-icon elementor-social-icon-linkedin-in elementor-repeater-item-625fe63\" href=\"#\" target=\"_blank\">\n\t\t\t\t\t\t<span class=\"elementor-screen-only\">Linkedin-in<\/span>\n\t\t\t\t\t\t<svg aria-hidden=\"true\" class=\"e-font-icon-svg e-fab-linkedin-in\" viewBox=\"0 0 448 512\" xmlns=\"http:\/\/www.w3.org\/2000\/svg\"><path d=\"M100.28 448H7.4V148.9h92.88zM53.79 108.1C24.09 108.1 0 83.5 0 53.8a53.79 53.79 0 0 1 107.58 0c0 29.7-24.1 54.3-53.79 54.3zM447.9 448h-92.68V302.4c0-34.7-.7-79.2-48.29-79.2-48.29 0-55.69 37.7-55.69 76.7V448h-92.78V148.9h89.08v40.8h1.3c12.4-23.5 42.69-48.3 87.88-48.3 94 0 111.28 61.9 111.28 142.3V448z\"><\/path><\/svg>\t\t\t\t\t<\/a>\n\t\t\t\t<\/span>\n\t\t\t\t\t<\/div>\n\t\t\t\t\t\t<\/div>\n\t\t\t\t<\/div>\n\t\t\t\t<\/div>\n\t\t\t\t\t<\/div>\n\t\t\t\t<\/div>\n\t\t\t\t<\/div>\n\t\t","protected":false},"excerpt":{"rendered":"<p>Love Advice Money in a Relationship and its Effect on Romantic Dynamics It may seem like a somewhat trivial notion when you first start dating, but the issue of money in a relationship can start to become a more pressing issue as you decide to move in together, share costs and generally begin building a [&hellip;]<\/p>\n","protected":false},"author":1,"featured_media":0,"parent":0,"menu_order":0,"comment_status":"closed","ping_status":"closed","template":"","meta":{"_acf_changed":false,"_bbp_topic_count":0,"_bbp_reply_count":0,"_bbp_total_topic_count":0,"_bbp_total_reply_count":0,"_bbp_voice_count":0,"_bbp_anonymous_reply_count":0,"_bbp_topic_count_hidden":0,"_bbp_reply_count_hidden":0,"_bbp_forum_subforum_count":0,"pmpro_default_level":"","footnotes":""},"class_list":["post-3787","page","type-page","status-publish","hentry","pmpro-has-access"],"acf":[],"yoast_head":"<!-- This site is optimized with the Yoast SEO plugin v27.5 - https:\/\/yoast.com\/product\/yoast-seo-wordpress\/ -->\n<title>Blog Right Sidebar - ChatDateLove<\/title>\n<meta name=\"robots\" content=\"index, follow, max-snippet:-1, max-image-preview:large, max-video-preview:-1\" \/>\n<link rel=\"canonical\" href=\"https:\/\/chatdatelove.net\/fr\/blog-right-sidebar\/\" \/>\n<meta property=\"og:locale\" content=\"fr_FR\" \/>\n<meta property=\"og:locale:alternate\" content=\"en_US\" \/>\n<meta property=\"og:locale:alternate\" content=\"nl_NL\" \/>\n<meta property=\"og:locale:alternate\" content=\"es_MX\" \/>\n<meta property=\"og:locale:alternate\" content=\"ja\" \/>\n<meta property=\"og:locale:alternate\" content=\"ca\" \/>\n<meta property=\"og:locale:alternate\" content=\"ko_KR\" \/>\n<meta property=\"og:locale:alternate\" content=\"it_IT\" \/>\n<meta property=\"og:locale:alternate\" content=\"de_DE\" \/>\n<meta property=\"og:locale:alternate\" content=\"pt_BR\" \/>\n<meta property=\"og:locale:alternate\" content=\"zh_CN\" \/>\n<meta property=\"og:locale:alternate\" content=\"hi_IN\" \/>\n<meta property=\"og:locale:alternate\" content=\"bn_BD\" \/>\n<meta property=\"og:locale:alternate\" content=\"ru_RU\" \/>\n<meta property=\"og:locale:alternate\" content=\"ur\" \/>\n<meta property=\"og:locale:alternate\" content=\"id_ID\" \/>\n<meta property=\"og:locale:alternate\" content=\"pa_IN\" \/>\n<meta property=\"og:locale:alternate\" content=\"mr\" \/>\n<meta property=\"og:locale:alternate\" content=\"te\" \/>\n<meta property=\"og:locale:alternate\" content=\"vi\" \/>\n<meta property=\"og:locale:alternate\" content=\"th\" \/>\n<meta property=\"og:locale:alternate\" content=\"tl\" \/>\n<meta property=\"og:locale:alternate\" content=\"uk\" \/>\n<meta property=\"og:type\" content=\"article\" \/>\n<meta property=\"og:title\" content=\"Blog Right Sidebar - ChatDateLove\" \/>\n<meta property=\"og:description\" content=\"Love Advice Money in a Relationship and its Effect on Romantic Dynamics It may seem like a somewhat trivial notion when you first start dating, but the issue of money in a relationship can start to become a more pressing issue as you decide to move in together, share costs and generally begin building a [&hellip;]\" \/>\n<meta property=\"og:url\" content=\"https:\/\/chatdatelove.net\/fr\/welcome-to-chatdatelove-where-your-search-for-love-dates-and-meaningful-chats-begins\/\" \/>\n<meta property=\"og:site_name\" content=\"ChatDateLove\" \/>\n<meta property=\"article:publisher\" content=\"https:\/\/www.facebook.com\/people\/Chatdatelove\/61571499179235\/\" \/>\n<meta property=\"article:modified_time\" content=\"2024-07-30T04:02:29+00:00\" \/>\n<meta property=\"og:image\" content=\"https:\/\/chatdatelove.net\/wp-content\/uploads\/2024\/06\/thumbnail11-min-800x395.jpg\" \/>\n<meta name=\"twitter:card\" content=\"summary_large_image\" \/>\n<meta name=\"twitter:label1\" content=\"Dur\u00e9e de lecture estim\u00e9e\" \/>\n\t<meta name=\"twitter:data1\" content=\"3 minutes\" \/>\n<script type=\"application\/ld+json\" class=\"yoast-schema-graph\">{\"@context\":\"https:\\\/\\\/schema.org\",\"@graph\":[{\"@type\":\"WebPage\",\"@id\":\"https:\\\/\\\/chatdatelove.net\\\/blog-right-sidebar\\\/\",\"url\":\"https:\\\/\\\/chatdatelove.net\\\/blog-right-sidebar\\\/\",\"name\":\"Blog Right Sidebar - ChatDateLove\",\"isPartOf\":{\"@id\":\"https:\\\/\\\/chatdatelove.net\\\/#website\"},\"primaryImageOfPage\":{\"@id\":\"https:\\\/\\\/chatdatelove.net\\\/blog-right-sidebar\\\/#primaryimage\"},\"image\":{\"@id\":\"https:\\\/\\\/chatdatelove.net\\\/blog-right-sidebar\\\/#primaryimage\"},\"thumbnailUrl\":\"https:\\\/\\\/chatdatelove.net\\\/wp-content\\\/uploads\\\/2024\\\/06\\\/thumbnail11-min-800x395.jpg\",\"datePublished\":\"2024-06-04T04:24:38+00:00\",\"dateModified\":\"2024-07-30T04:02:29+00:00\",\"breadcrumb\":{\"@id\":\"https:\\\/\\\/chatdatelove.net\\\/blog-right-sidebar\\\/#breadcrumb\"},\"inLanguage\":\"fr-FR\",\"potentialAction\":[{\"@type\":\"ReadAction\",\"target\":[\"https:\\\/\\\/chatdatelove.net\\\/blog-right-sidebar\\\/\"]}]},{\"@type\":\"ImageObject\",\"inLanguage\":\"fr-FR\",\"@id\":\"https:\\\/\\\/chatdatelove.net\\\/blog-right-sidebar\\\/#primaryimage\",\"url\":\"https:\\\/\\\/chatdatelove.net\\\/wp-content\\\/uploads\\\/2024\\\/06\\\/thumbnail11-min-800x395.jpg\",\"contentUrl\":\"https:\\\/\\\/chatdatelove.net\\\/wp-content\\\/uploads\\\/2024\\\/06\\\/thumbnail11-min-800x395.jpg\"},{\"@type\":\"BreadcrumbList\",\"@id\":\"https:\\\/\\\/chatdatelove.net\\\/blog-right-sidebar\\\/#breadcrumb\",\"itemListElement\":[{\"@type\":\"ListItem\",\"position\":1,\"name\":\"Home\",\"item\":\"https:\\\/\\\/chatdatelove.net\\\/\"},{\"@type\":\"ListItem\",\"position\":2,\"name\":\"Blog Right Sidebar\"}]},{\"@type\":\"WebSite\",\"@id\":\"https:\\\/\\\/chatdatelove.net\\\/#website\",\"url\":\"https:\\\/\\\/chatdatelove.net\\\/\",\"name\":\"ChatDateLove\",\"description\":\"Your Connection, Your Way \u2764\",\"publisher\":{\"@id\":\"https:\\\/\\\/chatdatelove.net\\\/#organization\"},\"potentialAction\":[{\"@type\":\"SearchAction\",\"target\":{\"@type\":\"EntryPoint\",\"urlTemplate\":\"https:\\\/\\\/chatdatelove.net\\\/?s={search_term_string}\"},\"query-input\":{\"@type\":\"PropertyValueSpecification\",\"valueRequired\":true,\"valueName\":\"search_term_string\"}}],\"inLanguage\":\"fr-FR\"},{\"@type\":\"Organization\",\"@id\":\"https:\\\/\\\/chatdatelove.net\\\/#organization\",\"name\":\"ChatDateLove\",\"url\":\"https:\\\/\\\/chatdatelove.net\\\/\",\"logo\":{\"@type\":\"ImageObject\",\"inLanguage\":\"fr-FR\",\"@id\":\"https:\\\/\\\/chatdatelove.net\\\/#\\\/schema\\\/logo\\\/image\\\/\",\"url\":\"https:\\\/\\\/i0.wp.com\\\/chatdatelove.net\\\/wp-content\\\/uploads\\\/2025\\\/01\\\/CDL-Logp.webp?fit=150%2C150&ssl=1\",\"contentUrl\":\"https:\\\/\\\/i0.wp.com\\\/chatdatelove.net\\\/wp-content\\\/uploads\\\/2025\\\/01\\\/CDL-Logp.webp?fit=150%2C150&ssl=1\",\"width\":150,\"height\":150,\"caption\":\"ChatDateLove\"},\"image\":{\"@id\":\"https:\\\/\\\/chatdatelove.net\\\/#\\\/schema\\\/logo\\\/image\\\/\"},\"sameAs\":[\"https:\\\/\\\/www.facebook.com\\\/people\\\/Chatdatelove\\\/61571499179235\\\/\",\"https:\\\/\\\/www.instagram.com\\\/chatdatelove\",\"https:\\\/\\\/www.threads.net\\\/@chatdatelove\"]}]}<\/script>\n<!-- \/ Yoast SEO plugin. -->","yoast_head_json":{"title":"Blog Right Sidebar - ChatDateLove","robots":{"index":"index","follow":"follow","max-snippet":"max-snippet:-1","max-image-preview":"max-image-preview:large","max-video-preview":"max-video-preview:-1"},"canonical":"https:\/\/chatdatelove.net\/fr\/blog-right-sidebar\/","og_locale":"fr_FR","og_type":"article","og_title":"Blog Right Sidebar - ChatDateLove","og_description":"Love Advice Money in a Relationship and its Effect on Romantic Dynamics It may seem like a somewhat trivial notion when you first start dating, but the issue of money in a relationship can start to become a more pressing issue as you decide to move in together, share costs and generally begin building a [&hellip;]","og_url":"https:\/\/chatdatelove.net\/fr\/welcome-to-chatdatelove-where-your-search-for-love-dates-and-meaningful-chats-begins\/","og_site_name":"ChatDateLove","article_publisher":"https:\/\/www.facebook.com\/people\/Chatdatelove\/61571499179235\/","article_modified_time":"2024-07-30T04:02:29+00:00","og_image":[{"url":"https:\/\/chatdatelove.net\/wp-content\/uploads\/2024\/06\/thumbnail11-min-800x395.jpg","type":"","width":"","height":""}],"twitter_card":"summary_large_image","twitter_misc":{"Dur\u00e9e de lecture estim\u00e9e":"3 minutes"},"schema":{"@context":"https:\/\/schema.org","@graph":[{"@type":"WebPage","@id":"https:\/\/chatdatelove.net\/blog-right-sidebar\/","url":"https:\/\/chatdatelove.net\/blog-right-sidebar\/","name":"Blog Right Sidebar - ChatDateLove","isPartOf":{"@id":"https:\/\/chatdatelove.net\/#website"},"primaryImageOfPage":{"@id":"https:\/\/chatdatelove.net\/blog-right-sidebar\/#primaryimage"},"image":{"@id":"https:\/\/chatdatelove.net\/blog-right-sidebar\/#primaryimage"},"thumbnailUrl":"https:\/\/chatdatelove.net\/wp-content\/uploads\/2024\/06\/thumbnail11-min-800x395.jpg","datePublished":"2024-06-04T04:24:38+00:00","dateModified":"2024-07-30T04:02:29+00:00","breadcrumb":{"@id":"https:\/\/chatdatelove.net\/blog-right-sidebar\/#breadcrumb"},"inLanguage":"fr-FR","potentialAction":[{"@type":"ReadAction","target":["https:\/\/chatdatelove.net\/blog-right-sidebar\/"]}]},{"@type":"ImageObject","inLanguage":"fr-FR","@id":"https:\/\/chatdatelove.net\/blog-right-sidebar\/#primaryimage","url":"https:\/\/chatdatelove.net\/wp-content\/uploads\/2024\/06\/thumbnail11-min-800x395.jpg","contentUrl":"https:\/\/chatdatelove.net\/wp-content\/uploads\/2024\/06\/thumbnail11-min-800x395.jpg"},{"@type":"BreadcrumbList","@id":"https:\/\/chatdatelove.net\/blog-right-sidebar\/#breadcrumb","itemListElement":[{"@type":"ListItem","position":1,"name":"Home","item":"https:\/\/chatdatelove.net\/"},{"@type":"ListItem","position":2,"name":"Blog Right Sidebar"}]},{"@type":"WebSite","@id":"https:\/\/chatdatelove.net\/#website","url":"https:\/\/chatdatelove.net\/","name":"ChatDateLove","description":"Your Connection, Your Way \u2764","publisher":{"@id":"https:\/\/chatdatelove.net\/#organization"},"potentialAction":[{"@type":"SearchAction","target":{"@type":"EntryPoint","urlTemplate":"https:\/\/chatdatelove.net\/?s={search_term_string}"},"query-input":{"@type":"PropertyValueSpecification","valueRequired":true,"valueName":"search_term_string"}}],"inLanguage":"fr-FR"},{"@type":"Organization","@id":"https:\/\/chatdatelove.net\/#organization","name":"ChatDateLove","url":"https:\/\/chatdatelove.net\/","logo":{"@type":"ImageObject","inLanguage":"fr-FR","@id":"https:\/\/chatdatelove.net\/#\/schema\/logo\/image\/","url":"https:\/\/i0.wp.com\/chatdatelove.net\/wp-content\/uploads\/2025\/01\/CDL-Logp.webp?fit=150%2C150&ssl=1","contentUrl":"https:\/\/i0.wp.com\/chatdatelove.net\/wp-content\/uploads\/2025\/01\/CDL-Logp.webp?fit=150%2C150&ssl=1","width":150,"height":150,"caption":"ChatDateLove"},"image":{"@id":"https:\/\/chatdatelove.net\/#\/schema\/logo\/image\/"},"sameAs":["https:\/\/www.facebook.com\/people\/Chatdatelove\/61571499179235\/","https:\/\/www.instagram.com\/chatdatelove","https:\/\/www.threads.net\/@chatdatelove"]}]}},"_links":{"self":[{"href":"https:\/\/chatdatelove.net\/fr\/wp-json\/wp\/v2\/pages\/3787","targetHints":{"allow":["GET"]}}],"collection":[{"href":"https:\/\/chatdatelove.net\/fr\/wp-json\/wp\/v2\/pages"}],"about":[{"href":"https:\/\/chatdatelove.net\/fr\/wp-json\/wp\/v2\/types\/page"}],"author":[{"embeddable":true,"href":"https:\/\/chatdatelove.net\/fr\/wp-json\/wp\/v2\/users\/1"}],"replies":[{"embeddable":true,"href":"https:\/\/chatdatelove.net\/fr\/wp-json\/wp\/v2\/comments?post=3787"}],"version-history":[{"count":0,"href":"https:\/\/chatdatelove.net\/fr\/wp-json\/wp\/v2\/pages\/3787\/revisions"}],"wp:attachment":[{"href":"https:\/\/chatdatelove.net\/fr\/wp-json\/wp\/v2\/media?parent=3787"}],"curies":[{"name":"wp","href":"https:\/\/api.w.org\/{rel}","templated":true}]}}